{"id":1093,"date":"2025-03-27T12:42:11","date_gmt":"2025-03-27T11:42:11","guid":{"rendered":"https:\/\/ber-nis.be\/product\/setup-pr120-xl_2m2-prc25_mr\/"},"modified":"2025-05-26T19:55:10","modified_gmt":"2025-05-26T18:55:10","slug":"setup-pr120-xl_2m2-prc25_mr","status":"publish","type":"product","link":"https:\/\/ber-nis.be\/fr\/produit\/setup-pr120-xl_2m2-prc25_mr\/","title":{"rendered":"SETUP PR120 XL_2M2 + PRC25_MR"},"content":{"rendered":"<p>Motor\u00e9ducteur irr\u00e9versible avec une force maximale de 1200 N,<\/p>\n<p>\u00e9quip\u00e9 d&rsquo;un encodeur. Unit\u00e9 de contr\u00f4le avec r\u00e9cepteur radio LIFE 433,92 MHz int\u00e9gr\u00e9. 24 Vac.<\/p>\n<p>16m2 de surface de porte maximum.<\/p>\n<p>Rail de guidage complet avec deux supports de montage et un bras. Transmission par cha\u00eene.<\/p>\n<p>Mx. Capacit\u00e9 en hauteur : 2,50 m.<\/p>\n<p>&nbsp;<\/p>\n<p>Le moteur pour portes sectionnelles et basculantes, y compris les grandes portes, est dot\u00e9 d&rsquo;un syst\u00e8me d&rsquo;ouverture et de fermeture de la porte.<\/p>\n<p>conception ultramoderne et pratique et<\/p>\n<p>programmation facile avec Digital Life. Les<\/p>\n<p>offre des solutions innovantes avec<\/p>\n<p>pollution sonore r\u00e9duite et pr\u00eat \u00e0 l&#8217;emploi<\/p>\n<p>pour rendre l&rsquo;installation aussi facile que possible.<\/p>\n<p>plus facile. L&rsquo;automatisation est \u00e9quip\u00e9e de<\/p>\n<p>un syst\u00e8me d&rsquo;encodage pour faciliter l&rsquo;ouverture<\/p>\n<p>plus s\u00fbr.<\/p>\n<p>Choisissez Probo XL pour une solution simple et fonctionnelle<\/p>\n<p>les installations de plafond.<\/p>\n<p>&nbsp;<\/p>\n<p>Chaque kit contient les \u00e9l\u00e9ments suivants :<\/p>\n<p>-1 moteur PROBO 120XL<\/p>\n<p>-2 Code roulant \u00c9metteur portable MAXI 2<\/p>\n<p>-1 PRB25-08 Rail de guidage<\/p>\n<div><\/div>\n","protected":false},"excerpt":{"rendered":"<p>Motor\u00e9ducteur irr\u00e9versible avec une force maximale de 1200 N, \u00e9quip\u00e9 d&rsquo;un encodeur. Unit\u00e9 de contr\u00f4le avec r\u00e9cepteur radio LIFE 433,92 MHz int\u00e9gr\u00e9. 24 Vac. 16m2 de surface de porte maximum. Rail de guidage complet avec deux supports de montage et un bras. Transmission par cha\u00eene. Mx. Capacit\u00e9 en hauteur : 2,50 m. &nbsp; Le moteur [&hellip;]<\/p>\n","protected":false},"featured_media":1219,"template":"","meta":[],"product_brand":[83],"product_cat":[93,96],"product_tag":[],"class_list":{"0":"post-1093","1":"product","2":"type-product","3":"status-publish","4":"has-post-thumbnail","6":"product_brand-life24","7":"product_cat-automatisation-de-portail","8":"product_cat-moteurs-de-portes-de-garage","10":"first","11":"instock","12":"taxable","13":"shipping-taxable","14":"purchasable","15":"product-type-simple"},"yoast_head":"<!-- This site is optimized with the Yoast SEO plugin v27.3 - https:\/\/yoast.com\/product\/yoast-seo-wordpress\/ -->\n<title>SETUP PR120 XL_2M2 + PRC25_MR - Ber-nis<\/title>\n<meta name=\"robots\" content=\"index, follow, max-snippet:-1, max-image-preview:large, max-video-preview:-1\" \/>\n<link rel=\"canonical\" href=\"https:\/\/ber-nis.be\/fr\/produit\/setup-pr120-xl_2m2-prc25_mr\/\" \/>\n<meta property=\"og:locale\" content=\"fr_FR\" \/>\n<meta property=\"og:type\" content=\"article\" \/>\n<meta property=\"og:title\" content=\"SETUP PR120 XL_2M2 + PRC25_MR - Ber-nis\" \/>\n<meta property=\"og:description\" content=\"Motor\u00e9ducteur irr\u00e9versible avec une force maximale de 1200 N, \u00e9quip\u00e9 d&rsquo;un encodeur. Unit\u00e9 de contr\u00f4le avec r\u00e9cepteur radio LIFE 433,92 MHz int\u00e9gr\u00e9. 24 Vac. 16m2 de surface de porte maximum. Rail de guidage complet avec deux supports de montage et un bras. Transmission par cha\u00eene. Mx. Capacit\u00e9 en hauteur : 2,50 m. &nbsp; Le moteur [&hellip;]\" \/>\n<meta property=\"og:url\" content=\"https:\/\/ber-nis.be\/fr\/produit\/setup-pr120-xl_2m2-prc25_mr\/\" \/>\n<meta property=\"og:site_name\" content=\"Ber-nis\" \/>\n<meta property=\"article:modified_time\" content=\"2025-05-26T18:55:10+00:00\" \/>\n<meta property=\"og:image\" content=\"https:\/\/ber-nis.be\/wp-content\/uploads\/2025\/05\/setup_pr120_xl_2m2__prc25_mr__1222.jpg\" \/>\n\t<meta property=\"og:image:width\" content=\"170\" \/>\n\t<meta property=\"og:image:height\" content=\"86\" \/>\n\t<meta property=\"og:image:type\" content=\"image\/jpeg\" \/>\n<meta name=\"twitter:card\" content=\"summary_large_image\" \/>\n<meta name=\"twitter:label1\" content=\"Dur\u00e9e de lecture estim\u00e9e\" \/>\n\t<meta name=\"twitter:data1\" content=\"1 minute\" \/>\n<script type=\"application\/ld+json\" class=\"yoast-schema-graph\">{\"@context\":\"https:\\\/\\\/schema.org\",\"@graph\":[{\"@type\":\"WebPage\",\"@id\":\"https:\\\/\\\/ber-nis.be\\\/fr\\\/produit\\\/setup-pr120-xl_2m2-prc25_mr\\\/\",\"url\":\"https:\\\/\\\/ber-nis.be\\\/fr\\\/produit\\\/setup-pr120-xl_2m2-prc25_mr\\\/\",\"name\":\"SETUP PR120 XL_2M2 + PRC25_MR - Ber-nis\",\"isPartOf\":{\"@id\":\"https:\\\/\\\/ber-nis.be\\\/fr\\\/#website\"},\"primaryImageOfPage\":{\"@id\":\"https:\\\/\\\/ber-nis.be\\\/fr\\\/produit\\\/setup-pr120-xl_2m2-prc25_mr\\\/#primaryimage\"},\"image\":{\"@id\":\"https:\\\/\\\/ber-nis.be\\\/fr\\\/produit\\\/setup-pr120-xl_2m2-prc25_mr\\\/#primaryimage\"},\"thumbnailUrl\":\"https:\\\/\\\/ber-nis.be\\\/wp-content\\\/uploads\\\/2025\\\/05\\\/setup_pr120_xl_2m2__prc25_mr__1222.jpg\",\"datePublished\":\"2025-03-27T11:42:11+00:00\",\"dateModified\":\"2025-05-26T18:55:10+00:00\",\"breadcrumb\":{\"@id\":\"https:\\\/\\\/ber-nis.be\\\/fr\\\/produit\\\/setup-pr120-xl_2m2-prc25_mr\\\/#breadcrumb\"},\"inLanguage\":\"fr-FR\",\"potentialAction\":[{\"@type\":\"ReadAction\",\"target\":[\"https:\\\/\\\/ber-nis.be\\\/fr\\\/produit\\\/setup-pr120-xl_2m2-prc25_mr\\\/\"]}]},{\"@type\":\"ImageObject\",\"inLanguage\":\"fr-FR\",\"@id\":\"https:\\\/\\\/ber-nis.be\\\/fr\\\/produit\\\/setup-pr120-xl_2m2-prc25_mr\\\/#primaryimage\",\"url\":\"https:\\\/\\\/ber-nis.be\\\/wp-content\\\/uploads\\\/2025\\\/05\\\/setup_pr120_xl_2m2__prc25_mr__1222.jpg\",\"contentUrl\":\"https:\\\/\\\/ber-nis.be\\\/wp-content\\\/uploads\\\/2025\\\/05\\\/setup_pr120_xl_2m2__prc25_mr__1222.jpg\",\"width\":170,\"height\":86},{\"@type\":\"BreadcrumbList\",\"@id\":\"https:\\\/\\\/ber-nis.be\\\/fr\\\/produit\\\/setup-pr120-xl_2m2-prc25_mr\\\/#breadcrumb\",\"itemListElement\":[{\"@type\":\"ListItem\",\"position\":1,\"name\":\"Home\",\"item\":\"https:\\\/\\\/ber-nis.be\\\/fr\\\/\"},{\"@type\":\"ListItem\",\"position\":2,\"name\":\"Boutique\",\"item\":\"https:\\\/\\\/ber-nis.be\\\/fr\\\/boutique\\\/\"},{\"@type\":\"ListItem\",\"position\":3,\"name\":\"SETUP PR120 XL_2M2 + PRC25_MR\"}]},{\"@type\":\"WebSite\",\"@id\":\"https:\\\/\\\/ber-nis.be\\\/fr\\\/#website\",\"url\":\"https:\\\/\\\/ber-nis.be\\\/fr\\\/\",\"name\":\"Ber-nis\",\"description\":\"\",\"publisher\":{\"@id\":\"https:\\\/\\\/ber-nis.be\\\/fr\\\/#organization\"},\"potentialAction\":[{\"@type\":\"SearchAction\",\"target\":{\"@type\":\"EntryPoint\",\"urlTemplate\":\"https:\\\/\\\/ber-nis.be\\\/fr\\\/?s={search_term_string}\"},\"query-input\":{\"@type\":\"PropertyValueSpecification\",\"valueRequired\":true,\"valueName\":\"search_term_string\"}}],\"inLanguage\":\"fr-FR\"},{\"@type\":\"Organization\",\"@id\":\"https:\\\/\\\/ber-nis.be\\\/fr\\\/#organization\",\"name\":\"Ber-nis\",\"url\":\"https:\\\/\\\/ber-nis.be\\\/fr\\\/\",\"logo\":{\"@type\":\"ImageObject\",\"inLanguage\":\"fr-FR\",\"@id\":\"https:\\\/\\\/ber-nis.be\\\/fr\\\/#\\\/schema\\\/logo\\\/image\\\/\",\"url\":\"https:\\\/\\\/ber-nis.be\\\/wp-content\\\/uploads\\\/2022\\\/07\\\/Logo-Ber-nis.png\",\"contentUrl\":\"https:\\\/\\\/ber-nis.be\\\/wp-content\\\/uploads\\\/2022\\\/07\\\/Logo-Ber-nis.png\",\"width\":267,\"height\":73,\"caption\":\"Ber-nis\"},\"image\":{\"@id\":\"https:\\\/\\\/ber-nis.be\\\/fr\\\/#\\\/schema\\\/logo\\\/image\\\/\"}}]}<\/script>\n<!-- \/ Yoast SEO plugin. -->","yoast_head_json":{"title":"SETUP PR120 XL_2M2 + PRC25_MR - Ber-nis","robots":{"index":"index","follow":"follow","max-snippet":"max-snippet:-1","max-image-preview":"max-image-preview:large","max-video-preview":"max-video-preview:-1"},"canonical":"https:\/\/ber-nis.be\/fr\/produit\/setup-pr120-xl_2m2-prc25_mr\/","og_locale":"fr_FR","og_type":"article","og_title":"SETUP PR120 XL_2M2 + PRC25_MR - Ber-nis","og_description":"Motor\u00e9ducteur irr\u00e9versible avec une force maximale de 1200 N, \u00e9quip\u00e9 d&rsquo;un encodeur. Unit\u00e9 de contr\u00f4le avec r\u00e9cepteur radio LIFE 433,92 MHz int\u00e9gr\u00e9. 24 Vac. 16m2 de surface de porte maximum. Rail de guidage complet avec deux supports de montage et un bras. Transmission par cha\u00eene. Mx. Capacit\u00e9 en hauteur : 2,50 m. &nbsp; Le moteur [&hellip;]","og_url":"https:\/\/ber-nis.be\/fr\/produit\/setup-pr120-xl_2m2-prc25_mr\/","og_site_name":"Ber-nis","article_modified_time":"2025-05-26T18:55:10+00:00","og_image":[{"width":170,"height":86,"url":"https:\/\/ber-nis.be\/wp-content\/uploads\/2025\/05\/setup_pr120_xl_2m2__prc25_mr__1222.jpg","type":"image\/jpeg"}],"twitter_card":"summary_large_image","twitter_misc":{"Dur\u00e9e de lecture estim\u00e9e":"1 minute"},"schema":{"@context":"https:\/\/schema.org","@graph":[{"@type":"WebPage","@id":"https:\/\/ber-nis.be\/fr\/produit\/setup-pr120-xl_2m2-prc25_mr\/","url":"https:\/\/ber-nis.be\/fr\/produit\/setup-pr120-xl_2m2-prc25_mr\/","name":"SETUP PR120 XL_2M2 + PRC25_MR - Ber-nis","isPartOf":{"@id":"https:\/\/ber-nis.be\/fr\/#website"},"primaryImageOfPage":{"@id":"https:\/\/ber-nis.be\/fr\/produit\/setup-pr120-xl_2m2-prc25_mr\/#primaryimage"},"image":{"@id":"https:\/\/ber-nis.be\/fr\/produit\/setup-pr120-xl_2m2-prc25_mr\/#primaryimage"},"thumbnailUrl":"https:\/\/ber-nis.be\/wp-content\/uploads\/2025\/05\/setup_pr120_xl_2m2__prc25_mr__1222.jpg","datePublished":"2025-03-27T11:42:11+00:00","dateModified":"2025-05-26T18:55:10+00:00","breadcrumb":{"@id":"https:\/\/ber-nis.be\/fr\/produit\/setup-pr120-xl_2m2-prc25_mr\/#breadcrumb"},"inLanguage":"fr-FR","potentialAction":[{"@type":"ReadAction","target":["https:\/\/ber-nis.be\/fr\/produit\/setup-pr120-xl_2m2-prc25_mr\/"]}]},{"@type":"ImageObject","inLanguage":"fr-FR","@id":"https:\/\/ber-nis.be\/fr\/produit\/setup-pr120-xl_2m2-prc25_mr\/#primaryimage","url":"https:\/\/ber-nis.be\/wp-content\/uploads\/2025\/05\/setup_pr120_xl_2m2__prc25_mr__1222.jpg","contentUrl":"https:\/\/ber-nis.be\/wp-content\/uploads\/2025\/05\/setup_pr120_xl_2m2__prc25_mr__1222.jpg","width":170,"height":86},{"@type":"BreadcrumbList","@id":"https:\/\/ber-nis.be\/fr\/produit\/setup-pr120-xl_2m2-prc25_mr\/#breadcrumb","itemListElement":[{"@type":"ListItem","position":1,"name":"Home","item":"https:\/\/ber-nis.be\/fr\/"},{"@type":"ListItem","position":2,"name":"Boutique","item":"https:\/\/ber-nis.be\/fr\/boutique\/"},{"@type":"ListItem","position":3,"name":"SETUP PR120 XL_2M2 + PRC25_MR"}]},{"@type":"WebSite","@id":"https:\/\/ber-nis.be\/fr\/#website","url":"https:\/\/ber-nis.be\/fr\/","name":"Ber-nis","description":"","publisher":{"@id":"https:\/\/ber-nis.be\/fr\/#organization"},"potentialAction":[{"@type":"SearchAction","target":{"@type":"EntryPoint","urlTemplate":"https:\/\/ber-nis.be\/fr\/?s={search_term_string}"},"query-input":{"@type":"PropertyValueSpecification","valueRequired":true,"valueName":"search_term_string"}}],"inLanguage":"fr-FR"},{"@type":"Organization","@id":"https:\/\/ber-nis.be\/fr\/#organization","name":"Ber-nis","url":"https:\/\/ber-nis.be\/fr\/","logo":{"@type":"ImageObject","inLanguage":"fr-FR","@id":"https:\/\/ber-nis.be\/fr\/#\/schema\/logo\/image\/","url":"https:\/\/ber-nis.be\/wp-content\/uploads\/2022\/07\/Logo-Ber-nis.png","contentUrl":"https:\/\/ber-nis.be\/wp-content\/uploads\/2022\/07\/Logo-Ber-nis.png","width":267,"height":73,"caption":"Ber-nis"},"image":{"@id":"https:\/\/ber-nis.be\/fr\/#\/schema\/logo\/image\/"}}]}},"_links":{"self":[{"href":"https:\/\/ber-nis.be\/fr\/wp-json\/wp\/v2\/product\/1093","targetHints":{"allow":["GET"]}}],"collection":[{"href":"https:\/\/ber-nis.be\/fr\/wp-json\/wp\/v2\/product"}],"about":[{"href":"https:\/\/ber-nis.be\/fr\/wp-json\/wp\/v2\/types\/product"}],"wp:featuredmedia":[{"embeddable":true,"href":"https:\/\/ber-nis.be\/fr\/wp-json\/wp\/v2\/media\/1219"}],"wp:attachment":[{"href":"https:\/\/ber-nis.be\/fr\/wp-json\/wp\/v2\/media?parent=1093"}],"wp:term":[{"taxonomy":"product_brand","embeddable":true,"href":"https:\/\/ber-nis.be\/fr\/wp-json\/wp\/v2\/product_brand?post=1093"},{"taxonomy":"product_cat","embeddable":true,"href":"https:\/\/ber-nis.be\/fr\/wp-json\/wp\/v2\/product_cat?post=1093"},{"taxonomy":"product_tag","embeddable":true,"href":"https:\/\/ber-nis.be\/fr\/wp-json\/wp\/v2\/product_tag?post=1093"}],"curies":[{"name":"wp","href":"https:\/\/api.w.org\/{rel}","templated":true}]}}