{"id":1171,"date":"2025-04-24T09:16:40","date_gmt":"2025-04-24T08:16:40","guid":{"rendered":"https:\/\/ber-nis.be\/product\/visblk-kit-voor-afstandsontgrendeling-h3-meter-1-kit-pack\/"},"modified":"2025-05-26T17:39:36","modified_gmt":"2025-05-26T16:39:36","slug":"visblk-kit-voor-afstandsontgrendeling-h3-meter-1-kit-pack","status":"publish","type":"product","link":"https:\/\/ber-nis.be\/fr\/produit\/visblk-kit-voor-afstandsontgrendeling-h3-meter-1-kit-pack\/","title":{"rendered":"VISBLK Kit de d\u00e9verrouillage \u00e0 distance H=3 m\u00e8tres (1 Kit\/Pack)"},"content":{"rendered":"<p>VISBLK<\/p>\n<p>Kit de d\u00e9clenchement \u00e0 distance<\/p>\n<p>H=3 m\u00e8tres (1 Kit\/Pack)<\/p>\n","protected":false},"excerpt":{"rendered":"<p>VISBLK Kit de d\u00e9clenchement \u00e0 distance H=3 m\u00e8tres (1 Kit\/Pack)<\/p>\n","protected":false},"featured_media":1169,"template":"","meta":[],"product_brand":[83],"product_cat":[93,96],"product_tag":[],"class_list":{"0":"post-1171","1":"product","2":"type-product","3":"status-publish","4":"has-post-thumbnail","6":"product_brand-life24","7":"product_cat-automatisation-de-portail","8":"product_cat-moteurs-de-portes-de-garage","10":"first","11":"instock","12":"taxable","13":"shipping-taxable","14":"purchasable","15":"product-type-simple"},"yoast_head":"<!-- This site is optimized with the Yoast SEO plugin v27.3 - https:\/\/yoast.com\/product\/yoast-seo-wordpress\/ -->\n<title>VISBLK Kit de d\u00e9verrouillage \u00e0 distance H=3 m\u00e8tres (1 Kit\/Pack) - Ber-nis<\/title>\n<meta name=\"robots\" content=\"index, follow, max-snippet:-1, max-image-preview:large, max-video-preview:-1\" \/>\n<link rel=\"canonical\" href=\"https:\/\/ber-nis.be\/fr\/produit\/visblk-kit-voor-afstandsontgrendeling-h3-meter-1-kit-pack\/\" \/>\n<meta property=\"og:locale\" content=\"fr_FR\" \/>\n<meta property=\"og:type\" content=\"article\" \/>\n<meta property=\"og:title\" content=\"VISBLK Kit de d\u00e9verrouillage \u00e0 distance H=3 m\u00e8tres (1 Kit\/Pack) - Ber-nis\" \/>\n<meta property=\"og:description\" content=\"VISBLK Kit de d\u00e9clenchement \u00e0 distance H=3 m\u00e8tres (1 Kit\/Pack)\" \/>\n<meta property=\"og:url\" content=\"https:\/\/ber-nis.be\/fr\/produit\/visblk-kit-voor-afstandsontgrendeling-h3-meter-1-kit-pack\/\" \/>\n<meta property=\"og:site_name\" content=\"Ber-nis\" \/>\n<meta property=\"article:modified_time\" content=\"2025-05-26T16:39:36+00:00\" \/>\n<meta property=\"og:image\" content=\"https:\/\/ber-nis.be\/wp-content\/uploads\/2025\/04\/VISBLK_Kit_voor_afstandsontgrendeling_H3_meter_1_Kit_Pack.jpg\" \/>\n\t<meta property=\"og:image:width\" content=\"273\" \/>\n\t<meta property=\"og:image:height\" content=\"185\" \/>\n\t<meta property=\"og:image:type\" content=\"image\/jpeg\" \/>\n<meta name=\"twitter:card\" content=\"summary_large_image\" \/>\n<script type=\"application\/ld+json\" class=\"yoast-schema-graph\">{\"@context\":\"https:\\\/\\\/schema.org\",\"@graph\":[{\"@type\":\"WebPage\",\"@id\":\"https:\\\/\\\/ber-nis.be\\\/fr\\\/produit\\\/visblk-kit-voor-afstandsontgrendeling-h3-meter-1-kit-pack\\\/\",\"url\":\"https:\\\/\\\/ber-nis.be\\\/fr\\\/produit\\\/visblk-kit-voor-afstandsontgrendeling-h3-meter-1-kit-pack\\\/\",\"name\":\"VISBLK Kit de d\u00e9verrouillage \u00e0 distance H=3 m\u00e8tres (1 Kit\\\/Pack) - Ber-nis\",\"isPartOf\":{\"@id\":\"https:\\\/\\\/ber-nis.be\\\/fr\\\/#website\"},\"primaryImageOfPage\":{\"@id\":\"https:\\\/\\\/ber-nis.be\\\/fr\\\/produit\\\/visblk-kit-voor-afstandsontgrendeling-h3-meter-1-kit-pack\\\/#primaryimage\"},\"image\":{\"@id\":\"https:\\\/\\\/ber-nis.be\\\/fr\\\/produit\\\/visblk-kit-voor-afstandsontgrendeling-h3-meter-1-kit-pack\\\/#primaryimage\"},\"thumbnailUrl\":\"https:\\\/\\\/ber-nis.be\\\/wp-content\\\/uploads\\\/2025\\\/04\\\/VISBLK_Kit_voor_afstandsontgrendeling_H3_meter_1_Kit_Pack.jpg\",\"datePublished\":\"2025-04-24T08:16:40+00:00\",\"dateModified\":\"2025-05-26T16:39:36+00:00\",\"breadcrumb\":{\"@id\":\"https:\\\/\\\/ber-nis.be\\\/fr\\\/produit\\\/visblk-kit-voor-afstandsontgrendeling-h3-meter-1-kit-pack\\\/#breadcrumb\"},\"inLanguage\":\"fr-FR\",\"potentialAction\":[{\"@type\":\"ReadAction\",\"target\":[\"https:\\\/\\\/ber-nis.be\\\/fr\\\/produit\\\/visblk-kit-voor-afstandsontgrendeling-h3-meter-1-kit-pack\\\/\"]}]},{\"@type\":\"ImageObject\",\"inLanguage\":\"fr-FR\",\"@id\":\"https:\\\/\\\/ber-nis.be\\\/fr\\\/produit\\\/visblk-kit-voor-afstandsontgrendeling-h3-meter-1-kit-pack\\\/#primaryimage\",\"url\":\"https:\\\/\\\/ber-nis.be\\\/wp-content\\\/uploads\\\/2025\\\/04\\\/VISBLK_Kit_voor_afstandsontgrendeling_H3_meter_1_Kit_Pack.jpg\",\"contentUrl\":\"https:\\\/\\\/ber-nis.be\\\/wp-content\\\/uploads\\\/2025\\\/04\\\/VISBLK_Kit_voor_afstandsontgrendeling_H3_meter_1_Kit_Pack.jpg\",\"width\":273,\"height\":185},{\"@type\":\"BreadcrumbList\",\"@id\":\"https:\\\/\\\/ber-nis.be\\\/fr\\\/produit\\\/visblk-kit-voor-afstandsontgrendeling-h3-meter-1-kit-pack\\\/#breadcrumb\",\"itemListElement\":[{\"@type\":\"ListItem\",\"position\":1,\"name\":\"Home\",\"item\":\"https:\\\/\\\/ber-nis.be\\\/fr\\\/\"},{\"@type\":\"ListItem\",\"position\":2,\"name\":\"Boutique\",\"item\":\"https:\\\/\\\/ber-nis.be\\\/fr\\\/boutique\\\/\"},{\"@type\":\"ListItem\",\"position\":3,\"name\":\"VISBLK Kit de d\u00e9verrouillage \u00e0 distance H=3 m\u00e8tres (1 Kit\\\/Pack)\"}]},{\"@type\":\"WebSite\",\"@id\":\"https:\\\/\\\/ber-nis.be\\\/fr\\\/#website\",\"url\":\"https:\\\/\\\/ber-nis.be\\\/fr\\\/\",\"name\":\"Ber-nis\",\"description\":\"\",\"publisher\":{\"@id\":\"https:\\\/\\\/ber-nis.be\\\/fr\\\/#organization\"},\"potentialAction\":[{\"@type\":\"SearchAction\",\"target\":{\"@type\":\"EntryPoint\",\"urlTemplate\":\"https:\\\/\\\/ber-nis.be\\\/fr\\\/?s={search_term_string}\"},\"query-input\":{\"@type\":\"PropertyValueSpecification\",\"valueRequired\":true,\"valueName\":\"search_term_string\"}}],\"inLanguage\":\"fr-FR\"},{\"@type\":\"Organization\",\"@id\":\"https:\\\/\\\/ber-nis.be\\\/fr\\\/#organization\",\"name\":\"Ber-nis\",\"url\":\"https:\\\/\\\/ber-nis.be\\\/fr\\\/\",\"logo\":{\"@type\":\"ImageObject\",\"inLanguage\":\"fr-FR\",\"@id\":\"https:\\\/\\\/ber-nis.be\\\/fr\\\/#\\\/schema\\\/logo\\\/image\\\/\",\"url\":\"https:\\\/\\\/ber-nis.be\\\/wp-content\\\/uploads\\\/2022\\\/07\\\/Logo-Ber-nis.png\",\"contentUrl\":\"https:\\\/\\\/ber-nis.be\\\/wp-content\\\/uploads\\\/2022\\\/07\\\/Logo-Ber-nis.png\",\"width\":267,\"height\":73,\"caption\":\"Ber-nis\"},\"image\":{\"@id\":\"https:\\\/\\\/ber-nis.be\\\/fr\\\/#\\\/schema\\\/logo\\\/image\\\/\"}}]}<\/script>\n<!-- \/ Yoast SEO plugin. -->","yoast_head_json":{"title":"VISBLK Kit de d\u00e9verrouillage \u00e0 distance H=3 m\u00e8tres (1 Kit\/Pack) - Ber-nis","robots":{"index":"index","follow":"follow","max-snippet":"max-snippet:-1","max-image-preview":"max-image-preview:large","max-video-preview":"max-video-preview:-1"},"canonical":"https:\/\/ber-nis.be\/fr\/produit\/visblk-kit-voor-afstandsontgrendeling-h3-meter-1-kit-pack\/","og_locale":"fr_FR","og_type":"article","og_title":"VISBLK Kit de d\u00e9verrouillage \u00e0 distance H=3 m\u00e8tres (1 Kit\/Pack) - Ber-nis","og_description":"VISBLK Kit de d\u00e9clenchement \u00e0 distance H=3 m\u00e8tres (1 Kit\/Pack)","og_url":"https:\/\/ber-nis.be\/fr\/produit\/visblk-kit-voor-afstandsontgrendeling-h3-meter-1-kit-pack\/","og_site_name":"Ber-nis","article_modified_time":"2025-05-26T16:39:36+00:00","og_image":[{"width":273,"height":185,"url":"https:\/\/ber-nis.be\/wp-content\/uploads\/2025\/04\/VISBLK_Kit_voor_afstandsontgrendeling_H3_meter_1_Kit_Pack.jpg","type":"image\/jpeg"}],"twitter_card":"summary_large_image","schema":{"@context":"https:\/\/schema.org","@graph":[{"@type":"WebPage","@id":"https:\/\/ber-nis.be\/fr\/produit\/visblk-kit-voor-afstandsontgrendeling-h3-meter-1-kit-pack\/","url":"https:\/\/ber-nis.be\/fr\/produit\/visblk-kit-voor-afstandsontgrendeling-h3-meter-1-kit-pack\/","name":"VISBLK Kit de d\u00e9verrouillage \u00e0 distance H=3 m\u00e8tres (1 Kit\/Pack) - Ber-nis","isPartOf":{"@id":"https:\/\/ber-nis.be\/fr\/#website"},"primaryImageOfPage":{"@id":"https:\/\/ber-nis.be\/fr\/produit\/visblk-kit-voor-afstandsontgrendeling-h3-meter-1-kit-pack\/#primaryimage"},"image":{"@id":"https:\/\/ber-nis.be\/fr\/produit\/visblk-kit-voor-afstandsontgrendeling-h3-meter-1-kit-pack\/#primaryimage"},"thumbnailUrl":"https:\/\/ber-nis.be\/wp-content\/uploads\/2025\/04\/VISBLK_Kit_voor_afstandsontgrendeling_H3_meter_1_Kit_Pack.jpg","datePublished":"2025-04-24T08:16:40+00:00","dateModified":"2025-05-26T16:39:36+00:00","breadcrumb":{"@id":"https:\/\/ber-nis.be\/fr\/produit\/visblk-kit-voor-afstandsontgrendeling-h3-meter-1-kit-pack\/#breadcrumb"},"inLanguage":"fr-FR","potentialAction":[{"@type":"ReadAction","target":["https:\/\/ber-nis.be\/fr\/produit\/visblk-kit-voor-afstandsontgrendeling-h3-meter-1-kit-pack\/"]}]},{"@type":"ImageObject","inLanguage":"fr-FR","@id":"https:\/\/ber-nis.be\/fr\/produit\/visblk-kit-voor-afstandsontgrendeling-h3-meter-1-kit-pack\/#primaryimage","url":"https:\/\/ber-nis.be\/wp-content\/uploads\/2025\/04\/VISBLK_Kit_voor_afstandsontgrendeling_H3_meter_1_Kit_Pack.jpg","contentUrl":"https:\/\/ber-nis.be\/wp-content\/uploads\/2025\/04\/VISBLK_Kit_voor_afstandsontgrendeling_H3_meter_1_Kit_Pack.jpg","width":273,"height":185},{"@type":"BreadcrumbList","@id":"https:\/\/ber-nis.be\/fr\/produit\/visblk-kit-voor-afstandsontgrendeling-h3-meter-1-kit-pack\/#breadcrumb","itemListElement":[{"@type":"ListItem","position":1,"name":"Home","item":"https:\/\/ber-nis.be\/fr\/"},{"@type":"ListItem","position":2,"name":"Boutique","item":"https:\/\/ber-nis.be\/fr\/boutique\/"},{"@type":"ListItem","position":3,"name":"VISBLK Kit de d\u00e9verrouillage \u00e0 distance H=3 m\u00e8tres (1 Kit\/Pack)"}]},{"@type":"WebSite","@id":"https:\/\/ber-nis.be\/fr\/#website","url":"https:\/\/ber-nis.be\/fr\/","name":"Ber-nis","description":"","publisher":{"@id":"https:\/\/ber-nis.be\/fr\/#organization"},"potentialAction":[{"@type":"SearchAction","target":{"@type":"EntryPoint","urlTemplate":"https:\/\/ber-nis.be\/fr\/?s={search_term_string}"},"query-input":{"@type":"PropertyValueSpecification","valueRequired":true,"valueName":"search_term_string"}}],"inLanguage":"fr-FR"},{"@type":"Organization","@id":"https:\/\/ber-nis.be\/fr\/#organization","name":"Ber-nis","url":"https:\/\/ber-nis.be\/fr\/","logo":{"@type":"ImageObject","inLanguage":"fr-FR","@id":"https:\/\/ber-nis.be\/fr\/#\/schema\/logo\/image\/","url":"https:\/\/ber-nis.be\/wp-content\/uploads\/2022\/07\/Logo-Ber-nis.png","contentUrl":"https:\/\/ber-nis.be\/wp-content\/uploads\/2022\/07\/Logo-Ber-nis.png","width":267,"height":73,"caption":"Ber-nis"},"image":{"@id":"https:\/\/ber-nis.be\/fr\/#\/schema\/logo\/image\/"}}]}},"_links":{"self":[{"href":"https:\/\/ber-nis.be\/fr\/wp-json\/wp\/v2\/product\/1171","targetHints":{"allow":["GET"]}}],"collection":[{"href":"https:\/\/ber-nis.be\/fr\/wp-json\/wp\/v2\/product"}],"about":[{"href":"https:\/\/ber-nis.be\/fr\/wp-json\/wp\/v2\/types\/product"}],"wp:featuredmedia":[{"embeddable":true,"href":"https:\/\/ber-nis.be\/fr\/wp-json\/wp\/v2\/media\/1169"}],"wp:attachment":[{"href":"https:\/\/ber-nis.be\/fr\/wp-json\/wp\/v2\/media?parent=1171"}],"wp:term":[{"taxonomy":"product_brand","embeddable":true,"href":"https:\/\/ber-nis.be\/fr\/wp-json\/wp\/v2\/product_brand?post=1171"},{"taxonomy":"product_cat","embeddable":true,"href":"https:\/\/ber-nis.be\/fr\/wp-json\/wp\/v2\/product_cat?post=1171"},{"taxonomy":"product_tag","embeddable":true,"href":"https:\/\/ber-nis.be\/fr\/wp-json\/wp\/v2\/product_tag?post=1171"}],"curies":[{"name":"wp","href":"https:\/\/api.w.org\/{rel}","templated":true}]}}